{"id":156,"date":"2026-04-10T18:08:23","date_gmt":"2026-04-10T18:08:23","guid":{"rendered":"https:\/\/promoeco.tuempresaon.com\/?page_id=156"},"modified":"2026-04-10T18:08:46","modified_gmt":"2026-04-10T18:08:46","slug":"altas-socios-preferentes-gratis","status":"publish","type":"page","link":"https:\/\/promoeco.tuempresaon.com\/?page_id=156","title":{"rendered":"ALTAS SOCIOS PREFERENTES GRATIS"},"content":{"rendered":"\t\t<div data-elementor-type=\"wp-page\" data-elementor-id=\"156\" class=\"elementor elementor-156\">\n\t\t\t\t\t\t<section class=\"elementor-section elementor-top-section elementor-element elementor-element-75ce5699 elementor-section-boxed elementor-section-height-default elementor-section-height-default\" data-id=\"75ce5699\" data-element_type=\"section\" data-e-type=\"section\">\n\t\t\t\t\t\t<div class=\"elementor-container elementor-column-gap-default\">\n\t\t\t\t\t<div class=\"elementor-column elementor-col-100 elementor-top-column elementor-element elementor-element-61f221dd\" data-id=\"61f221dd\" data-element_type=\"column\" data-e-type=\"column\">\n\t\t\t<div class=\"elementor-widget-wrap elementor-element-populated\">\n\t\t\t\t\t\t<div class=\"elementor-element elementor-element-50a4d792 elementor-widget elementor-widget-text-editor\" data-id=\"50a4d792\" data-element_type=\"widget\" data-e-type=\"widget\" data-widget_type=\"text-editor.default\">\n\t\t\t\t\t\t\t\t\t<img decoding=\"async\" src=\"https:\/\/promo.ecoimpresion.es\/wp-content\/uploads\/2017\/08\/1469788840-1305706-295x61x295x98x0x19-2982900logoboletin.png\" alt=\"\" width=\"295\" height=\"61\" \/>\n<iframe src=\"https:\/\/app.mailjet.com\/widget\/iframe\/2fYH\/k3x\" width=\"100%\" height=\"475\" frameborder=\"0\" marginwidth=\"0\" marginheight=\"0\" scrolling=\"no\"><\/iframe>\t\t\t\t\t\t\t\t<\/div>\n\t\t\t\t\t<\/div>\n\t\t<\/div>\n\t\t\t\t\t<\/div>\n\t\t<\/section>\n\t\t\t\t<section class=\"elementor-section elementor-top-section elementor-element elementor-element-1df55f61 elementor-section-boxed elementor-section-height-default elementor-section-height-default\" data-id=\"1df55f61\" data-element_type=\"section\" data-e-type=\"section\">\n\t\t\t\t\t\t<div class=\"elementor-container elementor-column-gap-default\">\n\t\t\t\t\t<div class=\"elementor-column elementor-col-100 elementor-top-column elementor-element elementor-element-699ac1a\" data-id=\"699ac1a\" data-element_type=\"column\" data-e-type=\"column\">\n\t\t\t<div class=\"elementor-widget-wrap elementor-element-populated\">\n\t\t\t\t\t\t<div class=\"elementor-element elementor-element-7a7061cd elementor-widget elementor-widget-text-editor\" data-id=\"7a7061cd\" data-element_type=\"widget\" data-e-type=\"widget\" data-widget_type=\"text-editor.default\">\n\t\t\t\t\t\t\t\t\t<h6><b>RESPONSABLE DEL TRATAMIENTO :<\/b>BERNARDO GARCIA GARCIA, <b>DIRECCI\u00d3N DEL RESPONSABLE:<\/b> C\/ Isidro Madrid, 16, CP 30710, Los Alc\u00e1zares (Murcia) <b>PUBLICIDAD:<\/b> \u00a0Sus datos ser\u00e1n usados para poder atender sus solicitudes y prestarle nuestros servicios. <b>LEGITIMACI\u00d3N:<\/b> \u00danicamente trataremos sus datos con su consentimiento previo, que podr\u00e1 facilitarnos mediante la casilla correspondiente establecida al efecto. <b>DESTINATARIOS:<\/b> Con car\u00e1cter general, s\u00f3lo el personal de nuestra entidad que est\u00e9 debidamente autorizado podr\u00e1 tener conocimiento de la informaci\u00f3n que le pedimos. <b>DERECHOS:<\/b> Tiene derecho a saber qu\u00e9 informaci\u00f3n tenemos sobre usted, corregirla y eliminarla, tal y como se explica en la informaci\u00f3n adicional disponible en nuestra p\u00e1gina web. <b>INFORMACI\u00d3N ADICIONAL:<\/b> M\u00e1s informaci\u00f3n en el apartado <b>\u201cSUS DATOS SEGUROS\u201d<\/b> de nuestra p\u00e1gina web.<\/h6>\t\t\t\t\t\t\t\t<\/div>\n\t\t\t\t<div class=\"elementor-element elementor-element-3846e74d elementor-widget elementor-widget-spacer\" data-id=\"3846e74d\" data-element_type=\"widget\" data-e-type=\"widget\" data-widget_type=\"spacer.default\">\n\t\t\t\t\t\t\t<div class=\"elementor-spacer\">\n\t\t\t<div class=\"elementor-spacer-inner\"><\/div>\n\t\t<\/div>\n\t\t\t\t\t\t<\/div>\n\t\t\t\t<div class=\"elementor-element elementor-element-7a0b7176 elementor-widget elementor-widget-heading\" data-id=\"7a0b7176\" data-element_type=\"widget\" data-e-type=\"widget\" data-widget_type=\"heading.default\">\n\t\t\t\t\t<h2 class=\"elementor-heading-title elementor-size-default\">VENTAJAS PRINCIPALES SOCIOS<\/h2>\t\t\t\t<\/div>\n\t\t\t\t\t<\/div>\n\t\t<\/div>\n\t\t\t\t\t<\/div>\n\t\t<\/section>\n\t\t\t\t<section class=\"elementor-section elementor-top-section elementor-element elementor-element-6edf3699 elementor-section-boxed elementor-section-height-default elementor-section-height-default\" data-id=\"6edf3699\" data-element_type=\"section\" data-e-type=\"section\">\n\t\t\t\t\t\t<div class=\"elementor-container elementor-column-gap-default\">\n\t\t\t\t\t<div class=\"elementor-column elementor-col-25 elementor-top-column elementor-element elementor-element-1825781\" data-id=\"1825781\" data-element_type=\"column\" data-e-type=\"column\">\n\t\t\t<div class=\"elementor-widget-wrap elementor-element-populated\">\n\t\t\t\t\t\t<div class=\"elementor-element elementor-element-1fa3e102 elementor-widget elementor-widget-image\" data-id=\"1fa3e102\" data-element_type=\"widget\" data-e-type=\"widget\" data-widget_type=\"image.default\">\n\t\t\t\t\t\t\t\t\t\t\t\t\t\t\t<img fetchpriority=\"high\" decoding=\"async\" width=\"303\" height=\"366\" src=\"https:\/\/promoeco.tuempresaon.com\/wp-content\/uploads\/2026\/04\/01_portes-gratis.png\" class=\"attachment-large size-large wp-image-157\" alt=\"\" srcset=\"https:\/\/promoeco.tuempresaon.com\/wp-content\/uploads\/2026\/04\/01_portes-gratis.png 303w, https:\/\/promoeco.tuempresaon.com\/wp-content\/uploads\/2026\/04\/01_portes-gratis-248x300.png 248w\" sizes=\"(max-width: 303px) 100vw, 303px\" \/>\t\t\t\t\t\t\t\t\t\t\t\t\t\t\t<\/div>\n\t\t\t\t<div class=\"elementor-element elementor-element-21290727 elementor-widget elementor-widget-heading\" data-id=\"21290727\" data-element_type=\"widget\" data-e-type=\"widget\" data-widget_type=\"heading.default\">\n\t\t\t\t\t<h2 class=\"elementor-heading-title elementor-size-default\">PORTES GRATUITOS PARA SIEMPRE...<\/h2>\t\t\t\t<\/div>\n\t\t\t\t<div class=\"elementor-element elementor-element-21950e2f elementor-widget elementor-widget-text-editor\" data-id=\"21950e2f\" data-element_type=\"widget\" data-e-type=\"widget\" data-widget_type=\"text-editor.default\">\n\t\t\t\t\t\t\t\t\t<p style=\"text-align: left;\">Un aut\u00e9ntico chollo, disfrutar de los portes gratis para siempre a toda la pen\u00ednsula e Islas Baleares.<br \/><span style=\"font-size: 2rem;\">Ecoimpresi\u00f3n ofrece portes gratis en todos los pedidos\u00a0<\/span><span style=\"font-size: 2rem;\">a Espa\u00f1a Pen\u00ednsula e Islas Baleares para todos los socios preferentes<\/span><span style=\"font-size: 2rem;\">.<br \/><\/span><span style=\"font-size: 2rem;\">En todos los pedidos de nuestra web y con buenos precios.<\/span><\/p><p>Es tu oportunidad&#8230;<\/p>\t\t\t\t\t\t\t\t<\/div>\n\t\t\t\t\t<\/div>\n\t\t<\/div>\n\t\t\t\t<div class=\"elementor-column elementor-col-25 elementor-top-column elementor-element elementor-element-22d59cdb\" data-id=\"22d59cdb\" data-element_type=\"column\" data-e-type=\"column\">\n\t\t\t<div class=\"elementor-widget-wrap elementor-element-populated\">\n\t\t\t\t\t\t<div class=\"elementor-element elementor-element-455628f0 elementor-widget elementor-widget-image\" data-id=\"455628f0\" data-element_type=\"widget\" data-e-type=\"widget\" data-widget_type=\"image.default\">\n\t\t\t\t\t\t\t\t\t\t\t\t\t\t\t<img decoding=\"async\" width=\"303\" height=\"366\" src=\"https:\/\/promoeco.tuempresaon.com\/wp-content\/uploads\/2026\/04\/02-diseno-gratis.png\" class=\"attachment-full size-full wp-image-158\" alt=\"\" srcset=\"https:\/\/promoeco.tuempresaon.com\/wp-content\/uploads\/2026\/04\/02-diseno-gratis.png 303w, https:\/\/promoeco.tuempresaon.com\/wp-content\/uploads\/2026\/04\/02-diseno-gratis-248x300.png 248w\" sizes=\"(max-width: 303px) 100vw, 303px\" \/>\t\t\t\t\t\t\t\t\t\t\t\t\t\t\t<\/div>\n\t\t\t\t<div class=\"elementor-element elementor-element-2edb0904 elementor-widget elementor-widget-heading\" data-id=\"2edb0904\" data-element_type=\"widget\" data-e-type=\"widget\" data-widget_type=\"heading.default\">\n\t\t\t\t\t<h2 class=\"elementor-heading-title elementor-size-default\">DISE\u00d1O GRATIS todos los meses (30min)<\/h2>\t\t\t\t<\/div>\n\t\t\t\t<div class=\"elementor-element elementor-element-6cc4b9e elementor-widget elementor-widget-text-editor\" data-id=\"6cc4b9e\" data-element_type=\"widget\" data-e-type=\"widget\" data-widget_type=\"text-editor.default\">\n\t\t\t\t\t\t\t\t\t<p style=\"text-align: left;\">30 minutos GRATIS cada mes con un dise\u00f1ador gr\u00e1fico experto\u00a0<span style=\"font-size: 2rem;\">para dedicarle a tu empresa y darle un aspecto mucho m\u00e1s profesional a todos\u00a0<\/span><span style=\"font-size: 2rem;\">los trabajos que desees imprimir con nosotros.<\/span><\/p><p>\u00bfLo vas a dejar escapar?\u00a0<\/p>\t\t\t\t\t\t\t\t<\/div>\n\t\t\t\t\t<\/div>\n\t\t<\/div>\n\t\t\t\t<div class=\"elementor-column elementor-col-25 elementor-top-column elementor-element elementor-element-5e0e84df\" data-id=\"5e0e84df\" data-element_type=\"column\" data-e-type=\"column\">\n\t\t\t<div class=\"elementor-widget-wrap elementor-element-populated\">\n\t\t\t\t\t\t<div class=\"elementor-element elementor-element-11ab1344 elementor-widget elementor-widget-image\" data-id=\"11ab1344\" data-element_type=\"widget\" data-e-type=\"widget\" data-widget_type=\"image.default\">\n\t\t\t\t\t\t\t\t\t\t\t\t\t\t\t<img loading=\"lazy\" decoding=\"async\" width=\"303\" height=\"366\" src=\"https:\/\/promoeco.tuempresaon.com\/wp-content\/uploads\/2026\/04\/03-ofertas-expeciales.png\" class=\"attachment-full size-full wp-image-159\" alt=\"\" srcset=\"https:\/\/promoeco.tuempresaon.com\/wp-content\/uploads\/2026\/04\/03-ofertas-expeciales.png 303w, https:\/\/promoeco.tuempresaon.com\/wp-content\/uploads\/2026\/04\/03-ofertas-expeciales-248x300.png 248w\" sizes=\"(max-width: 303px) 100vw, 303px\" \/>\t\t\t\t\t\t\t\t\t\t\t\t\t\t\t<\/div>\n\t\t\t\t<div class=\"elementor-element elementor-element-10999683 elementor-widget elementor-widget-heading\" data-id=\"10999683\" data-element_type=\"widget\" data-e-type=\"widget\" data-widget_type=\"heading.default\">\n\t\t\t\t\t<h2 class=\"elementor-heading-title elementor-size-default\">OFERTAS ESPECIALES EXPRESS<\/h2>\t\t\t\t<\/div>\n\t\t\t\t<div class=\"elementor-element elementor-element-5f96216d elementor-widget elementor-widget-text-editor\" data-id=\"5f96216d\" data-element_type=\"widget\" data-e-type=\"widget\" data-widget_type=\"text-editor.default\">\n\t\t\t\t\t\t\t\t\t<p style=\"text-align: left;\">Ofertas exclusivas para la impresi\u00f3n de productos para tu empresa\u00a0<span style=\"font-size: 2rem;\">a mejores precios o unidades gratis al realizar una compra&#8230;<\/span><\/p><p><span style=\"font-size: 2rem;\">Ecoimpresi\u00f3n premium te da acceso a ofertas\u00a0<\/span><span style=\"font-size: 2rem;\">exclusivas a nuestros socios con unidades limitadas.\u00a0<\/span><\/p><p>Si eres de los que le gusta conseguir las mejores oportunidades, esto\u00a0<span style=\"font-size: 2rem;\">te interesa.<\/span><\/p>\t\t\t\t\t\t\t\t<\/div>\n\t\t\t\t\t<\/div>\n\t\t<\/div>\n\t\t\t\t<div class=\"elementor-column elementor-col-25 elementor-top-column elementor-element elementor-element-33ccc07b\" data-id=\"33ccc07b\" data-element_type=\"column\" data-e-type=\"column\">\n\t\t\t<div class=\"elementor-widget-wrap elementor-element-populated\">\n\t\t\t\t\t\t<div class=\"elementor-element elementor-element-7553bdf elementor-widget elementor-widget-image\" data-id=\"7553bdf\" data-element_type=\"widget\" data-e-type=\"widget\" data-widget_type=\"image.default\">\n\t\t\t\t\t\t\t\t\t\t\t\t\t\t\t<img loading=\"lazy\" decoding=\"async\" width=\"303\" height=\"366\" src=\"https:\/\/promoeco.tuempresaon.com\/wp-content\/uploads\/2026\/04\/04-preferente.png\" class=\"attachment-large size-large wp-image-160\" alt=\"\" srcset=\"https:\/\/promoeco.tuempresaon.com\/wp-content\/uploads\/2026\/04\/04-preferente.png 303w, https:\/\/promoeco.tuempresaon.com\/wp-content\/uploads\/2026\/04\/04-preferente-248x300.png 248w\" sizes=\"(max-width: 303px) 100vw, 303px\" \/>\t\t\t\t\t\t\t\t\t\t\t\t\t\t\t<\/div>\n\t\t\t\t<div class=\"elementor-element elementor-element-ee6e63e elementor-widget elementor-widget-heading\" data-id=\"ee6e63e\" data-element_type=\"widget\" data-e-type=\"widget\" data-widget_type=\"heading.default\">\n\t\t\t\t\t<h2 class=\"elementor-heading-title elementor-size-default\">ENT\u00c9RATE ANTES QUE NADIE<\/h2>\t\t\t\t<\/div>\n\t\t\t\t<div class=\"elementor-element elementor-element-4d7b6895 elementor-widget elementor-widget-text-editor\" data-id=\"4d7b6895\" data-element_type=\"widget\" data-e-type=\"widget\" data-widget_type=\"text-editor.default\">\n\t\t\t\t\t\t\t\t\t<p style=\"text-align: left;\">\u00bfTe gustar\u00eda recibir nuestras ofertas antes que nadie?\u00a0 Estas de enhorabuena.\u00a0<\/p><p>Vas a recibir informaci\u00f3n de valor personalizada de forma preferente y podr\u00e1s conseguir<span style=\"font-size: 2rem;\">\u00a0las ofertas antes que nadie por email o whasapp.<\/span><\/p><p>Suscr\u00edbete ahora y consigue todas las ventajas.\u00a0<\/p><div>\u00a0<\/div>\t\t\t\t\t\t\t\t<\/div>\n\t\t\t\t\t<\/div>\n\t\t<\/div>\n\t\t\t\t\t<\/div>\n\t\t<\/section>\n\t\t\t\t<section class=\"elementor-section elementor-top-section elementor-element elementor-element-577f6e elementor-section-boxed elementor-section-height-default elementor-section-height-default\" data-id=\"577f6e\" data-element_type=\"section\" data-e-type=\"section\">\n\t\t\t\t\t\t<div class=\"elementor-container elementor-column-gap-default\">\n\t\t\t\t\t<div class=\"elementor-column elementor-col-100 elementor-top-column elementor-element elementor-element-21c9ee4c\" data-id=\"21c9ee4c\" data-element_type=\"column\" data-e-type=\"column\">\n\t\t\t<div class=\"elementor-widget-wrap\">\n\t\t\t\t\t\t\t<\/div>\n\t\t<\/div>\n\t\t\t\t\t<\/div>\n\t\t<\/section>\n\t\t\t\t<\/div>\n\t\t","protected":false},"excerpt":{"rendered":"<p>RESPONSABLE DEL TRATAMIENTO :BERNARDO GARCIA GARCIA, DIRECCI\u00d3N DEL RESPONSABLE: C\/ Isidro Madrid, 16, CP 30710, Los Alc\u00e1zares (Murcia) PUBLICIDAD: \u00a0Sus datos ser\u00e1n usados para poder atender sus solicitudes y prestarle nuestros servicios. LEGITIMACI\u00d3N: \u00danicamente trataremos sus datos con su consentimiento previo, que podr\u00e1 facilitarnos mediante la casilla correspondiente establecida al efecto. DESTINATARIOS: Con car\u00e1cter general, [&hellip;]<\/p>\n","protected":false},"author":1,"featured_media":0,"parent":0,"menu_order":0,"comment_status":"closed","ping_status":"closed","template":"","meta":{"footnotes":""},"class_list":["post-156","page","type-page","status-publish","hentry"],"_links":{"self":[{"href":"https:\/\/promoeco.tuempresaon.com\/index.php?rest_route=\/wp\/v2\/pages\/156","targetHints":{"allow":["GET"]}}],"collection":[{"href":"https:\/\/promoeco.tuempresaon.com\/index.php?rest_route=\/wp\/v2\/pages"}],"about":[{"href":"https:\/\/promoeco.tuempresaon.com\/index.php?rest_route=\/wp\/v2\/types\/page"}],"author":[{"embeddable":true,"href":"https:\/\/promoeco.tuempresaon.com\/index.php?rest_route=\/wp\/v2\/users\/1"}],"replies":[{"embeddable":true,"href":"https:\/\/promoeco.tuempresaon.com\/index.php?rest_route=%2Fwp%2Fv2%2Fcomments&post=156"}],"version-history":[{"count":4,"href":"https:\/\/promoeco.tuempresaon.com\/index.php?rest_route=\/wp\/v2\/pages\/156\/revisions"}],"predecessor-version":[{"id":365,"href":"https:\/\/promoeco.tuempresaon.com\/index.php?rest_route=\/wp\/v2\/pages\/156\/revisions\/365"}],"wp:attachment":[{"href":"https:\/\/promoeco.tuempresaon.com\/index.php?rest_route=%2Fwp%2Fv2%2Fmedia&parent=156"}],"curies":[{"name":"wp","href":"https:\/\/api.w.org\/{rel}","templated":true}]}}