{"id":202,"date":"2026-04-10T18:08:27","date_gmt":"2026-04-10T18:08:27","guid":{"rendered":"https:\/\/promoeco.tuempresaon.com\/?page_id=202"},"modified":"2026-04-10T18:08:47","modified_gmt":"2026-04-10T18:08:47","slug":"cupon-publicidad-electoral2019","status":"publish","type":"page","link":"https:\/\/promoeco.tuempresaon.com\/?page_id=202","title":{"rendered":"Cup\u00f3n Publicidad electoral2019"},"content":{"rendered":"\t\t<div data-elementor-type=\"wp-page\" data-elementor-id=\"202\" class=\"elementor elementor-202\">\n\t\t\t\t\t\t<section class=\"elementor-section elementor-top-section elementor-element elementor-element-3af9bd71 elementor-section-boxed elementor-section-height-default elementor-section-height-default\" data-id=\"3af9bd71\" data-element_type=\"section\" data-e-type=\"section\">\n\t\t\t\t\t\t<div class=\"elementor-container elementor-column-gap-default\">\n\t\t\t\t\t<div class=\"elementor-column elementor-col-100 elementor-top-column elementor-element elementor-element-3ff22275\" data-id=\"3ff22275\" data-element_type=\"column\" data-e-type=\"column\">\n\t\t\t<div class=\"elementor-widget-wrap elementor-element-populated\">\n\t\t\t\t\t\t<div class=\"elementor-element elementor-element-3b25635a elementor-widget elementor-widget-heading\" data-id=\"3b25635a\" data-element_type=\"widget\" data-e-type=\"widget\" data-widget_type=\"heading.default\">\n\t\t\t\t\t<h2 class=\"elementor-heading-title elementor-size-default\">Descarga en tu ordenador este cup\u00f3n e impr\u00edmelo ahora para tu campa\u00f1a electoral<\/h2>\t\t\t\t<\/div>\n\t\t\t\t\t<\/div>\n\t\t<\/div>\n\t\t\t\t\t<\/div>\n\t\t<\/section>\n\t\t\t\t<section class=\"elementor-section elementor-top-section elementor-element elementor-element-59946a79 elementor-section-boxed elementor-section-height-default elementor-section-height-default\" data-id=\"59946a79\" data-element_type=\"section\" data-e-type=\"section\">\n\t\t\t\t\t\t<div class=\"elementor-container elementor-column-gap-default\">\n\t\t\t\t\t<div class=\"elementor-column elementor-col-100 elementor-top-column elementor-element elementor-element-27ce2d7d\" data-id=\"27ce2d7d\" data-element_type=\"column\" data-e-type=\"column\">\n\t\t\t<div class=\"elementor-widget-wrap elementor-element-populated\">\n\t\t\t\t\t\t<div class=\"elementor-element elementor-element-401bfa0b elementor-widget elementor-widget-image\" data-id=\"401bfa0b\" data-element_type=\"widget\" data-e-type=\"widget\" data-widget_type=\"image.default\">\n\t\t\t\t\t\t\t\t\t\t\t\t\t\t\t<img fetchpriority=\"high\" decoding=\"async\" width=\"369\" height=\"712\" src=\"https:\/\/promoeco.tuempresaon.com\/wp-content\/uploads\/2026\/04\/BONOS_DESCUENTO-2019.jpg\" class=\"elementor-animation-shrink attachment-large size-large wp-image-203\" alt=\"\" srcset=\"https:\/\/promoeco.tuempresaon.com\/wp-content\/uploads\/2026\/04\/BONOS_DESCUENTO-2019.jpg 369w, https:\/\/promoeco.tuempresaon.com\/wp-content\/uploads\/2026\/04\/BONOS_DESCUENTO-2019-155x300.jpg 155w\" sizes=\"(max-width: 369px) 100vw, 369px\" \/>\t\t\t\t\t\t\t\t\t\t\t\t\t\t\t<\/div>\n\t\t\t\t\t<\/div>\n\t\t<\/div>\n\t\t\t\t\t<\/div>\n\t\t<\/section>\n\t\t\t\t<section class=\"elementor-section elementor-top-section elementor-element elementor-element-5cc1d5f1 elementor-section-boxed elementor-section-height-default elementor-section-height-default\" data-id=\"5cc1d5f1\" data-element_type=\"section\" data-e-type=\"section\">\n\t\t\t\t\t\t<div class=\"elementor-container elementor-column-gap-default\">\n\t\t\t\t\t<div class=\"elementor-column elementor-col-100 elementor-top-column elementor-element elementor-element-8140d7c\" data-id=\"8140d7c\" data-element_type=\"column\" data-e-type=\"column\">\n\t\t\t<div class=\"elementor-widget-wrap\">\n\t\t\t\t\t\t\t<\/div>\n\t\t<\/div>\n\t\t\t\t\t<\/div>\n\t\t<\/section>\n\t\t\t\t<\/div>\n\t\t","protected":false},"excerpt":{"rendered":"<p>Descarga en tu ordenador este cup\u00f3n e impr\u00edmelo ahora para tu campa\u00f1a electoral<\/p>\n","protected":false},"author":1,"featured_media":0,"parent":0,"menu_order":0,"comment_status":"closed","ping_status":"closed","template":"","meta":{"footnotes":""},"class_list":["post-202","page","type-page","status-publish","hentry"],"_links":{"self":[{"href":"https:\/\/promoeco.tuempresaon.com\/index.php?rest_route=\/wp\/v2\/pages\/202","targetHints":{"allow":["GET"]}}],"collection":[{"href":"https:\/\/promoeco.tuempresaon.com\/index.php?rest_route=\/wp\/v2\/pages"}],"about":[{"href":"https:\/\/promoeco.tuempresaon.com\/index.php?rest_route=\/wp\/v2\/types\/page"}],"author":[{"embeddable":true,"href":"https:\/\/promoeco.tuempresaon.com\/index.php?rest_route=\/wp\/v2\/users\/1"}],"replies":[{"embeddable":true,"href":"https:\/\/promoeco.tuempresaon.com\/index.php?rest_route=%2Fwp%2Fv2%2Fcomments&post=202"}],"version-history":[{"count":4,"href":"https:\/\/promoeco.tuempresaon.com\/index.php?rest_route=\/wp\/v2\/pages\/202\/revisions"}],"predecessor-version":[{"id":385,"href":"https:\/\/promoeco.tuempresaon.com\/index.php?rest_route=\/wp\/v2\/pages\/202\/revisions\/385"}],"wp:attachment":[{"href":"https:\/\/promoeco.tuempresaon.com\/index.php?rest_route=%2Fwp%2Fv2%2Fmedia&parent=202"}],"curies":[{"name":"wp","href":"https:\/\/api.w.org\/{rel}","templated":true}]}}