{"id":206,"date":"2026-04-10T18:08:27","date_gmt":"2026-04-10T18:08:27","guid":{"rendered":"https:\/\/promoeco.tuempresaon.com\/?page_id=206"},"modified":"2026-04-10T18:08:47","modified_gmt":"2026-04-10T18:08:47","slug":"inmobiliarias-tecnocasa","status":"publish","type":"page","link":"https:\/\/promoeco.tuempresaon.com\/?page_id=206","title":{"rendered":"Inmobiliarias tecnocasa"},"content":{"rendered":"\t\t<div data-elementor-type=\"wp-page\" data-elementor-id=\"206\" class=\"elementor elementor-206\">\n\t\t\t\t\t\t<section class=\"elementor-section elementor-top-section elementor-element elementor-element-1af9d3eb elementor-section-boxed elementor-section-height-default elementor-section-height-default\" data-id=\"1af9d3eb\" data-element_type=\"section\" data-e-type=\"section\" data-settings=\"{&quot;background_background&quot;:&quot;classic&quot;}\">\n\t\t\t\t\t\t<div class=\"elementor-container elementor-column-gap-default\">\n\t\t\t\t\t<div class=\"elementor-column elementor-col-100 elementor-top-column elementor-element elementor-element-8cec75\" data-id=\"8cec75\" data-element_type=\"column\" data-e-type=\"column\" data-settings=\"{&quot;background_background&quot;:&quot;classic&quot;}\">\n\t\t\t<div class=\"elementor-widget-wrap elementor-element-populated\">\n\t\t\t\t\t\t<section class=\"elementor-section elementor-inner-section elementor-element elementor-element-22f3cf7d elementor-section-boxed elementor-section-height-default elementor-section-height-default\" data-id=\"22f3cf7d\" data-element_type=\"section\" data-e-type=\"section\">\n\t\t\t\t\t\t<div class=\"elementor-container elementor-column-gap-default\">\n\t\t\t\t\t<div class=\"elementor-column elementor-col-50 elementor-inner-column elementor-element elementor-element-7a7406eb\" data-id=\"7a7406eb\" data-element_type=\"column\" data-e-type=\"column\">\n\t\t\t<div class=\"elementor-widget-wrap elementor-element-populated\">\n\t\t\t\t\t\t<div class=\"elementor-element elementor-element-13dd8d3a elementor-widget elementor-widget-image\" data-id=\"13dd8d3a\" data-element_type=\"widget\" data-e-type=\"widget\" data-widget_type=\"image.default\">\n\t\t\t\t\t\t\t\t\t\t\t\t\t\t\t<img decoding=\"async\" width=\"290\" height=\"61\" src=\"https:\/\/promoeco.tuempresaon.com\/wp-content\/uploads\/2026\/04\/1469789154-1305706-290x61x290x97x0x18-2982900logoboletin.png\" class=\"attachment-large size-large wp-image-207\" alt=\"\" \/>\t\t\t\t\t\t\t\t\t\t\t\t\t\t\t<\/div>\n\t\t\t\t\t<\/div>\n\t\t<\/div>\n\t\t\t\t<div class=\"elementor-column elementor-col-50 elementor-inner-column elementor-element elementor-element-5659faa6\" data-id=\"5659faa6\" data-element_type=\"column\" data-e-type=\"column\">\n\t\t\t<div class=\"elementor-widget-wrap elementor-element-populated\">\n\t\t\t\t\t\t<div class=\"elementor-element elementor-element-4ae05c80 elementor-widget elementor-widget-text-editor\" data-id=\"4ae05c80\" data-element_type=\"widget\" data-e-type=\"widget\" data-widget_type=\"text-editor.default\">\n\t\t\t\t\t\t\t\t\t<p>OPORTUNIDAD INMOBILIARIAS<\/p>\t\t\t\t\t\t\t\t<\/div>\n\t\t\t\t\t<\/div>\n\t\t<\/div>\n\t\t\t\t\t<\/div>\n\t\t<\/section>\n\t\t\t\t<div class=\"elementor-element elementor-element-23c64075 elementor-widget elementor-widget-heading\" data-id=\"23c64075\" data-element_type=\"widget\" data-e-type=\"widget\" data-widget_type=\"heading.default\">\n\t\t\t\t\t<h2 class=\"elementor-heading-title elementor-size-xl\">HAZTE CLIENTE PREMIUM INMOBILIARIA AHORA<\/h2>\t\t\t\t<\/div>\n\t\t\t\t<div class=\"elementor-element elementor-element-37a1dbe2 elementor-widget elementor-widget-heading\" data-id=\"37a1dbe2\" data-element_type=\"widget\" data-e-type=\"widget\" data-widget_type=\"heading.default\">\n\t\t\t\t\t<h2 class=\"elementor-heading-title elementor-size-xl\">GRATIS S\u00d3LO POR HOY<\/h2>\t\t\t\t<\/div>\n\t\t\t\t<div class=\"elementor-element elementor-element-49aefcf4 elementor-widget elementor-widget-text-editor\" data-id=\"49aefcf4\" data-element_type=\"widget\" data-e-type=\"widget\" data-widget_type=\"text-editor.default\">\n\t\t\t\t\t\t\t\t\t<p><strong>Y CONSIGUE LOS MEJORES PRECIOS<\/strong> y condiciones preferentes con la empresa l\u00edder en fabricaci\u00f3n de carteles para inmobiliarias, lonas publicitarias, adhesivos y publicidad especializada.<\/p>\t\t\t\t\t\t\t\t<\/div>\n\t\t\t\t<div class=\"elementor-element elementor-element-67567c1 elementor-widget elementor-widget-heading\" data-id=\"67567c1\" data-element_type=\"widget\" data-e-type=\"widget\" data-widget_type=\"heading.default\">\n\t\t\t\t\t<h2 class=\"elementor-heading-title elementor-size-large\"><b>Date de alta hoy<\/b> y recibe un bono regalo de 25\u20ac para tu pr\u00f3xima compra de carteles o lonas impresas.<\/h2>\t\t\t\t<\/div>\n\t\t\t\t<section class=\"elementor-section elementor-inner-section elementor-element elementor-element-358c617c elementor-section-boxed elementor-section-height-default elementor-section-height-default\" data-id=\"358c617c\" data-element_type=\"section\" data-e-type=\"section\">\n\t\t\t\t\t\t<div class=\"elementor-container elementor-column-gap-default\">\n\t\t\t\t\t<div class=\"elementor-column elementor-col-50 elementor-inner-column elementor-element elementor-element-6b5412f\" data-id=\"6b5412f\" data-element_type=\"column\" data-e-type=\"column\">\n\t\t\t<div class=\"elementor-widget-wrap elementor-element-populated\">\n\t\t\t\t\t\t<div class=\"elementor-element elementor-element-73cbc407 elementor-widget elementor-widget-text-editor\" data-id=\"73cbc407\" data-element_type=\"widget\" data-e-type=\"widget\" data-widget_type=\"text-editor.default\">\n\t\t\t\t\t\t\t\t\t<p>Quiero hacerme cliente <strong>PREMIUM<\/strong> ahora.<\/p>\t\t\t\t\t\t\t\t<\/div>\n\t\t\t\t<div class=\"elementor-element elementor-element-420f4403 elementor-widget elementor-widget-html\" data-id=\"420f4403\" data-element_type=\"widget\" data-e-type=\"widget\" data-widget_type=\"html.default\">\n\t\t\t\t\t<iframe frameborder=\"0\" scrolling=\"no\" marginheight=\"0\" marginwidth=\"0\" src=\"https:\/\/app.mailjet.com\/widget\/iframe\/2fYH\/3UZ\" width=\"100%\" height=\"377\"><\/iframe>\t\t\t\t<\/div>\n\t\t\t\t\t<\/div>\n\t\t<\/div>\n\t\t\t\t<div class=\"elementor-column elementor-col-50 elementor-inner-column elementor-element elementor-element-5c23492c\" data-id=\"5c23492c\" data-element_type=\"column\" data-e-type=\"column\">\n\t\t\t<div class=\"elementor-widget-wrap elementor-element-populated\">\n\t\t\t\t\t\t<div class=\"elementor-element elementor-element-15846339 elementor-hidden-phone elementor-widget elementor-widget-image\" data-id=\"15846339\" data-element_type=\"widget\" data-e-type=\"widget\" data-widget_type=\"image.default\">\n\t\t\t\t\t\t\t\t\t\t\t\t\t\t\t<img decoding=\"async\" width=\"200\" height=\"120\" src=\"https:\/\/promoeco.tuempresaon.com\/wp-content\/uploads\/2026\/04\/1469788598-362086-200x120-flechaizquierda1.png\" class=\"attachment-medium size-medium wp-image-169\" alt=\"\" \/>\t\t\t\t\t\t\t\t\t\t\t\t\t\t\t<\/div>\n\t\t\t\t<div class=\"elementor-element elementor-element-6cfc8e1c elementor-widget elementor-widget-image\" data-id=\"6cfc8e1c\" data-element_type=\"widget\" data-e-type=\"widget\" data-widget_type=\"image.default\">\n\t\t\t\t\t\t\t\t\t\t\t\t\t\t\t<img fetchpriority=\"high\" decoding=\"async\" width=\"275\" height=\"413\" src=\"https:\/\/promoeco.tuempresaon.com\/wp-content\/uploads\/2026\/04\/1469788595-328172-275x413-inmobiliario.png\" class=\"attachment-large size-large wp-image-170\" alt=\"\" srcset=\"https:\/\/promoeco.tuempresaon.com\/wp-content\/uploads\/2026\/04\/1469788595-328172-275x413-inmobiliario.png 275w, https:\/\/promoeco.tuempresaon.com\/wp-content\/uploads\/2026\/04\/1469788595-328172-275x413-inmobiliario-200x300.png 200w\" sizes=\"(max-width: 275px) 100vw, 275px\" \/>\t\t\t\t\t\t\t\t\t\t\t\t\t\t\t<\/div>\n\t\t\t\t\t<\/div>\n\t\t<\/div>\n\t\t\t\t\t<\/div>\n\t\t<\/section>\n\t\t\t\t<div class=\"elementor-element elementor-element-55525b07 elementor-widget elementor-widget-text-editor\" data-id=\"55525b07\" data-element_type=\"widget\" data-e-type=\"widget\" data-widget_type=\"text-editor.default\">\n\t\t\t\t\t\t\t\t\t<p>Compra m\u00ednima para poder aplicar el cup\u00f3n 250\u20ac. No acumulable a otras ofertas.<\/p>\t\t\t\t\t\t\t\t<\/div>\n\t\t\t\t\t<\/div>\n\t\t<\/div>\n\t\t\t\t\t<\/div>\n\t\t<\/section>\n\t\t\t\t<section class=\"elementor-section elementor-top-section elementor-element elementor-element-3e29fa5c elementor-section-boxed elementor-section-height-default elementor-section-height-default\" data-id=\"3e29fa5c\" data-element_type=\"section\" data-e-type=\"section\">\n\t\t\t\t\t\t<div class=\"elementor-container elementor-column-gap-default\">\n\t\t\t\t\t<div class=\"elementor-column elementor-col-100 elementor-top-column elementor-element elementor-element-21f3323e\" data-id=\"21f3323e\" data-element_type=\"column\" data-e-type=\"column\">\n\t\t\t<div class=\"elementor-widget-wrap elementor-element-populated\">\n\t\t\t\t\t\t<div class=\"elementor-element elementor-element-1494908b elementor-widget elementor-widget-text-editor\" data-id=\"1494908b\" data-element_type=\"widget\" data-e-type=\"widget\" data-widget_type=\"text-editor.default\">\n\t\t\t\t\t\t\t\t\t<p>2017-2018. Ecoimpresion.es &#8211; Todos los derechos reservados.<\/p>\t\t\t\t\t\t\t\t<\/div>\n\t\t\t\t\t<\/div>\n\t\t<\/div>\n\t\t\t\t\t<\/div>\n\t\t<\/section>\n\t\t\t\t<\/div>\n\t\t","protected":false},"excerpt":{"rendered":"<p>OPORTUNIDAD INMOBILIARIAS HAZTE CLIENTE PREMIUM INMOBILIARIA AHORA GRATIS S\u00d3LO POR HOY Y CONSIGUE LOS MEJORES PRECIOS y condiciones preferentes con la empresa l\u00edder en fabricaci\u00f3n de carteles para inmobiliarias, lonas publicitarias, adhesivos y publicidad especializada. Date de alta hoy y recibe un bono regalo de 25\u20ac para tu pr\u00f3xima compra de carteles o lonas impresas. [&hellip;]<\/p>\n","protected":false},"author":1,"featured_media":0,"parent":0,"menu_order":0,"comment_status":"closed","ping_status":"closed","template":"elementor_canvas","meta":{"footnotes":""},"class_list":["post-206","page","type-page","status-publish","hentry"],"_links":{"self":[{"href":"https:\/\/promoeco.tuempresaon.com\/index.php?rest_route=\/wp\/v2\/pages\/206","targetHints":{"allow":["GET"]}}],"collection":[{"href":"https:\/\/promoeco.tuempresaon.com\/index.php?rest_route=\/wp\/v2\/pages"}],"about":[{"href":"https:\/\/promoeco.tuempresaon.com\/index.php?rest_route=\/wp\/v2\/types\/page"}],"author":[{"embeddable":true,"href":"https:\/\/promoeco.tuempresaon.com\/index.php?rest_route=\/wp\/v2\/users\/1"}],"replies":[{"embeddable":true,"href":"https:\/\/promoeco.tuempresaon.com\/index.php?rest_route=%2Fwp%2Fv2%2Fcomments&post=206"}],"version-history":[{"count":4,"href":"https:\/\/promoeco.tuempresaon.com\/index.php?rest_route=\/wp\/v2\/pages\/206\/revisions"}],"predecessor-version":[{"id":387,"href":"https:\/\/promoeco.tuempresaon.com\/index.php?rest_route=\/wp\/v2\/pages\/206\/revisions\/387"}],"wp:attachment":[{"href":"https:\/\/promoeco.tuempresaon.com\/index.php?rest_route=%2Fwp%2Fv2%2Fmedia&parent=206"}],"curies":[{"name":"wp","href":"https:\/\/api.w.org\/{rel}","templated":true}]}}