{"id":302,"date":"2026-04-10T18:08:37","date_gmt":"2026-04-10T18:08:37","guid":{"rendered":"http:\/\/Bernardo"},"modified":"2026-04-10T18:08:37","modified_gmt":"2026-04-10T18:08:37","slug":"bases-principales-para-sorteos-y-acciones-promocionales-html","status":"publish","type":"page","link":"https:\/\/promoeco.tuempresaon.com\/?page_id=302","title":{"rendered":"BASES PRINCIPALES PARA SORTEOS Y ACCIONES PROMOCIONALES"},"content":{"rendered":"<p><a href=\"www.ecoimpresion.es\"><br \/>\n<img decoding=\"async\" width=\"300\" height=\"150\" src=\"https:\/\/promo.ecoimpresion.es\/wp-content\/uploads\/2020\/03\/logo-ecoimpresion-FONDOTRANSPARENTE-300x150.png\" alt=\"Ecoimpresion.es\" srcset=\"https:\/\/promo.ecoimpresion.es\/wp-content\/uploads\/2020\/03\/logo-ecoimpresion-FONDOTRANSPARENTE-300x150.png 300w, https:\/\/promo.ecoimpresion.es\/wp-content\/uploads\/2020\/03\/logo-ecoimpresion-FONDOTRANSPARENTE-768x384.png 768w, https:\/\/promo.ecoimpresion.es\/wp-content\/uploads\/2020\/03\/logo-ecoimpresion-FONDOTRANSPARENTE.png 1000w\" sizes=\"(max-width: 300px) 100vw, 300px\">\t\t\t\t\t\t\t\t<\/a><\/p>\n<h1>BASES GENERALES DE CONCURSOS Y SORTEOS EN ECOIMPRESION.ES<\/h1>\n<p><a href=\"https:\/\/www.ecoimpresion.es\/lonas\">LONAS<\/a><br \/>\n<a href=\"https:\/\/www.ecoimpresion.es\/vinilos\">VINILOS<\/a><br \/>\n<a href=\"https:\/\/www.ecoimpresion.es\/gran-formato\">GRAN FORMATO<\/a><br \/>\n<a href=\"https:\/\/www.ecoimpresion.es\/vallas-carteles\">CARTELES PUBLICITARIOS<\/a><br \/>\n<a href=\"https:\/\/www.ecoimpresion.es\/material\">MATERIALES<\/a><br \/>\n<a href=\"https:\/\/www.ecoimpresion.es\/pequeno-formato\" target=\"_blank\" rel=\"noopener noreferrer\">PEQUE\u00d1O FORMATO<\/a><br \/>\n<a href=\"https:\/\/www.ecoimpresion.es\/ofertas\" target=\"_blank\" rel=\"noopener noreferrer\">OFERTAS<\/a><br \/>\n<a href=\"https:\/\/www.ecoimpresion.es\/mas\" target=\"_blank\" rel=\"noopener noreferrer\">DISE\u00d1O<\/a><\/p>\n<p style=\"mso-margin-bottom-alt: auto; line-height: normal; mso-outline-level: 2;\">1. La Empresa que Organiza<br \/>\nLos concursos, sorteos y acciones promocionales est\u00e1n promovidas por&nbsp;<b style=\"color: #888888; font-family: 'Open Sans', sans-serif; font-size: 10pt;\">ECOIMPRESION Y PUBLICIDAD S.L<\/b>, en adelante \u201cEcoimpresion.es\u201d, domiciliada en la calle Isidro Madrid n\u00ba 16 de Los Alc\u00e1zares, Murcia. Cif B30924120.<\/p>\n<p style=\"mso-margin-top-alt: auto; mso-margin-bottom-alt: auto; line-height: normal; mso-outline-level: 2;\">2. \u00c1mbito De Aplicaci\u00f3n<br \/>\nLos concursos y promociones se extender\u00e1n a todo el territorio nacional.<\/p>\n<p style=\"mso-margin-top-alt: auto; mso-margin-bottom-alt: auto; line-height: normal; mso-outline-level: 2;\">3. Duraci\u00f3n de las promociones<br \/>\nLas fechas de comienzo y finalizaci\u00f3n estar\u00e1n detalladas en cada una de las acciones promocionales.<\/p>\n<p style=\"mso-margin-top-alt: auto; mso-margin-bottom-alt: auto; line-height: normal; mso-outline-level: 2;\">4. Participaci\u00f3n de los concursantes<br \/>\nPara poder participar en las diferentes acciones promocionales promovidas por Ecoimpresion.es se exige ser persona f\u00edsica residente en Espa\u00f1a con mayor\u00eda de edad.<\/p>\n<p style=\"mso-margin-bottom-alt: auto; line-height: normal;\">Las condiciones particulares de participaci\u00f3n estar\u00e1n especificadas en cada promoci\u00f3n.<\/p>\n<p style=\"mso-margin-bottom-alt: auto; line-height: normal;\">Por norma general, y salvo que se establezca otra cosa en una promoci\u00f3n particular, solo se admitir\u00e1 una participaci\u00f3n por persona.<\/p>\n<p style=\"mso-margin-top-alt: auto; mso-margin-bottom-alt: auto; line-height: normal; mso-outline-level: 2;\">5. Ganadores del sorteo<br \/>\nLos ganadores del sorteo, concursos o cualquier acci\u00f3n promocional lo ser\u00e1n por an\u00e1lisis de datos objetivos realizados por&nbsp;<b style=\"color: #888888; font-family: 'Open Sans', sans-serif; font-size: 10pt;\">Ecoimpresion.es.<\/b><\/p>\n<p style=\"mso-margin-bottom-alt: auto; line-height: normal;\">Por otra parte, los ganadores de los sorteos se extraer\u00e1n por sistemas inform\u00e1ticos de selecci\u00f3n aleatoria entre todos aquellos que hayan participado conforme a las reglas establecidas.<\/p>\n<p style=\"mso-margin-bottom-alt: auto; line-height: normal;\">Los ganadores ser\u00e1n informados por correo electr\u00f3nico o por la publicaci\u00f3n de su nombre en las Redes Sociales o web de Ecoimpresion.es<\/p>\n<p style=\"mso-margin-bottom-alt: auto; line-height: normal;\">Para todos los concursos se designar\u00e1 un n\u00famero concreto de ganadores, en funci\u00f3n de los premios. Adem\u00e1s, se escoger\u00e1 tambi\u00e9n un n\u00famero concreto de suplentes utilizando los mismos criterios de selecci\u00f3n<\/p>\n<p style=\"mso-margin-bottom-alt: auto; line-height: normal;\">Si el ganador renuncia al premio Ecoimpresion.es podr\u00e1 decidir si lo da a los suplentes o lo declara desierto.<\/p>\n<p style=\"mso-margin-bottom-alt: auto; line-height: normal;\">En caso de que el ganador pertenezca a una zona cuyo r\u00e9gimen fiscal sea diferente (Canarias, Ceuta y Melilla) el pago del impuesto de aduanas correspondiente ser\u00e1 obligaci\u00f3n de dicho ganador.<\/p>\n<p style=\"mso-margin-top-alt: auto; mso-margin-bottom-alt: auto; line-height: normal; mso-outline-level: 2;\">6. Premios<br \/>\nCada uno de los premios que se otorguen ser\u00e1n descritos en las diferentes acciones promocionales. En caso de ser un premio en especie no podr\u00e1 canjearse por dinero en ninguno de los casos.<\/p>\n<p style=\"mso-margin-top-alt: auto; mso-margin-bottom-alt: auto; line-height: normal; mso-outline-level: 2;\">7. Aceptaci\u00f3n Bases y Responsabilidad<br \/>\nLa participaci\u00f3n en cada una de las acciones promocionales llevadas a cabo por Ecoimpresion.es conlleva la aceptaci\u00f3n \u00edntegra de estas bases generales y las condiciones particulares que, en su caso, se establezcan en cada promoci\u00f3n.<\/p>\n<p style=\"mso-margin-bottom-alt: auto; line-height: normal;\">Ecoimpresion.es se reserva el derecho de anular la promoci\u00f3n por razones justificadas, as\u00ed como modificar estas bases o las de la acci\u00f3n promocional en cualquier momento o dejar el premio desierto. Si esto ocurriera ser\u00e1 debidamente puesto en conocimiento de los participantes en el mismo canal en el que se haya llevado a cabo la acci\u00f3n, con una explicaci\u00f3n motivada de la decisi\u00f3n.<\/p>\n<p style=\"mso-margin-bottom-alt: auto; line-height: normal;\">De la misma forma, Ecoimpresion.es se reserva el derecho de excluir a aquellos participantes que vulneren las normas establecidas en las bases o cuyo comportamiento afecte al normal desarrollo de la acci\u00f3n promocional. As\u00ed como a descalificar a aquellos que act\u00faen de forma abusiva o fraudulenta.<\/p>\n<p style=\"mso-margin-bottom-alt: auto; line-height: normal;\">Ecoimpresion.es queda eximido de responsabilidad en el caso de que no pueda localizar al ganador por causas no imputables a la empresa. Tambi\u00e9n el ganador exime a Ecoimpresion.es de la responsabilidad de cualquier perjuicio que pudiera derivarse del uso del premio otorgado.<\/p>\n<p style=\"mso-margin-bottom-alt: auto; line-height: normal;\">Cualquier incidencia que pueda surgir y no est\u00e9 contemplada en estas bases ser\u00e1 resuelta por Ecoimpresion.es conforme a su mejor criterio.<\/p>\n<p style=\"mso-margin-top-alt: auto; mso-margin-bottom-alt: auto; line-height: normal; mso-outline-level: 2;\">8. Fiscalidad del sorteo<br \/>\nSeg\u00fan lo establecido por la Ley 35\/2006 de 28 de noviembre, por la que se aprueba el Impuesto sobre la Renta de las Persona F\u00edsicas, y por el Real Decreto Legislativo 4\/2004, por el que se aprueba el Texto Refundido de la Ley del Impuesto sobre Sociedades, los premios derivados de acciones promocionales est\u00e1n sujetos a tributaci\u00f3n.<\/p>\n<p style=\"mso-margin-bottom-alt: auto; line-height: normal;\">Corresponder\u00e1 a Ecoimpresion.es la realizaci\u00f3n del ingreso a cuenta o la pr\u00e1ctica de la retenci\u00f3n pertinente. Dicha retenci\u00f3n o ingreso a cuenta no proceder\u00e1 en aquellos premios inferiores a 300 \u20ac, que est\u00e9n sometidos a tributaci\u00f3n por el Impuesto sobre la Renta de las Personas F\u00edsicas.<\/p>\n<p style=\"mso-margin-bottom-alt: auto; line-height: normal;\">Ecoimpresion.es no hace, ni ser\u00e1 responsable del cumplimiento de las obligaciones tributarias del ganador.<\/p>\n<p style=\"mso-margin-bottom-alt: auto; line-height: normal;\">Con el fin de que puedan ser efectuadas las retenciones mencionadas anteriormente, el ganador deber\u00e1 firmar un escrito justificativo de la recepci\u00f3n del premio, aportar sus datos fiscales y copia de documento identificativo (CIF, NIF o Tarjeta de Residente). As\u00ed mismo, deber\u00e1n firmar una declaraci\u00f3n sobre el conocimiento de la fiscalidad de dichos premios.<\/p>\n<p style=\"mso-margin-top-alt: auto; mso-margin-bottom-alt: auto; line-height: normal; mso-outline-level: 2;\">9. Datos Personales<br \/>\nLos datos personales recogidos en las acciones promocionales se regir\u00e1n por lo establecido en el apartado <a style=\"font-family: 'Open Sans', sans-serif; font-size: 10pt; background-color: #ffffff;\" href=\"https:\/\/www.ecoimpresion.es\/privacidad.html\">PRIVACIDAD de nuestra web.<\/a><\/p>\n<p style=\"mso-margin-top-alt: auto; mso-margin-bottom-alt: auto; line-height: normal; mso-outline-level: 2;\">10. Ley Aplicable y Jurisdicci\u00f3n<br \/>\nLas acciones de promoci\u00f3n, as\u00ed como las bases que las regulan, est\u00e1n sujetas a la legislaci\u00f3n espa\u00f1ola. Cualquier controversia que de ellas se deriven, y ante la ausencia de acuerdo amistoso, ser\u00e1n competentes los tribunales espa\u00f1oles.<\/p>\n","protected":false},"excerpt":{"rendered":"<p>BASES GENERALES DE CONCURSOS Y SORTEOS EN ECOIMPRESION.ES LONAS VINILOS GRAN FORMATO CARTELES PUBLICITARIOS MATERIALES PEQUE\u00d1O FORMATO OFERTAS DISE\u00d1O 1. La Empresa que Organiza Los concursos, sorteos y acciones promocionales est\u00e1n promovidas por&nbsp;ECOIMPRESION Y PUBLICIDAD S.L, en adelante \u201cEcoimpresion.es\u201d, domiciliada en la calle Isidro Madrid n\u00ba 16 de Los Alc\u00e1zares, Murcia. Cif B30924120. 2. \u00c1mbito [&hellip;]<\/p>\n","protected":false},"author":1,"featured_media":0,"parent":0,"menu_order":0,"comment_status":"closed","ping_status":"closed","template":"","meta":{"footnotes":""},"class_list":["post-302","page","type-page","status-publish","hentry"],"_links":{"self":[{"href":"https:\/\/promoeco.tuempresaon.com\/index.php?rest_route=\/wp\/v2\/pages\/302","targetHints":{"allow":["GET"]}}],"collection":[{"href":"https:\/\/promoeco.tuempresaon.com\/index.php?rest_route=\/wp\/v2\/pages"}],"about":[{"href":"https:\/\/promoeco.tuempresaon.com\/index.php?rest_route=\/wp\/v2\/types\/page"}],"author":[{"embeddable":true,"href":"https:\/\/promoeco.tuempresaon.com\/index.php?rest_route=\/wp\/v2\/users\/1"}],"replies":[{"embeddable":true,"href":"https:\/\/promoeco.tuempresaon.com\/index.php?rest_route=%2Fwp%2Fv2%2Fcomments&post=302"}],"version-history":[{"count":0,"href":"https:\/\/promoeco.tuempresaon.com\/index.php?rest_route=\/wp\/v2\/pages\/302\/revisions"}],"wp:attachment":[{"href":"https:\/\/promoeco.tuempresaon.com\/index.php?rest_route=%2Fwp%2Fv2%2Fmedia&parent=302"}],"curies":[{"name":"wp","href":"https:\/\/api.w.org\/{rel}","templated":true}]}}