{"id":303,"date":"2026-04-10T18:08:37","date_gmt":"2026-04-10T18:08:37","guid":{"rendered":"http:\/\/Bernardo"},"modified":"2026-04-10T18:08:37","modified_gmt":"2026-04-10T18:08:37","slug":"confirmacion-participacion-sorteo-ecoimpresion-es-sorteo-500-verano-2024","status":"publish","type":"page","link":"https:\/\/promoeco.tuempresaon.com\/?page_id=303","title":{"rendered":"CONFIRMACION PARTICIPACION SORTEO ECOIMPRESION.ES SORTEO 100\u20ac VERANO 2025"},"content":{"rendered":"<h2>CONFIRMACI\u00d3N PARTICIPACI\u00d3N EN SORTEO 100\u20ac COMPRA ONLINE EN ECOIMPRESION.ES.<\/h2>\n<h2>TE CONFIRMAMOS. AHORA SI ESTAS PARTICIPANDO EN EL SORTEO<\/h2>\n<p><img decoding=\"async\" src=\"https:\/\/promo.ecoimpresion.es\/wp-content\/uploads\/2024\/08\/ok-suscripcion.png\" alt=\"\" width=\"251\" height=\"181\" \/><\/p>\n<p>Tu solicitud ha sido recibida correctamente, y ya estas participando en el sorteo.<\/p>\n<p>A partir de este momento, no tienes que hacer nada m\u00e1s.<\/p>\n<p>En breve recibir\u00e1s un email confirmando tu participaci\u00f3n.<\/p>\n","protected":false},"excerpt":{"rendered":"<p>CONFIRMACI\u00d3N PARTICIPACI\u00d3N EN SORTEO 100\u20ac COMPRA ONLINE EN ECOIMPRESION.ES. TE CONFIRMAMOS. AHORA SI ESTAS PARTICIPANDO EN EL SORTEO Tu solicitud ha sido recibida correctamente, y ya estas participando en el sorteo. A partir de este momento, no tienes que hacer nada m\u00e1s. En breve recibir\u00e1s un email confirmando tu participaci\u00f3n.<\/p>\n","protected":false},"author":1,"featured_media":0,"parent":0,"menu_order":0,"comment_status":"closed","ping_status":"closed","template":"","meta":{"footnotes":""},"class_list":["post-303","page","type-page","status-publish","hentry"],"_links":{"self":[{"href":"https:\/\/promoeco.tuempresaon.com\/index.php?rest_route=\/wp\/v2\/pages\/303","targetHints":{"allow":["GET"]}}],"collection":[{"href":"https:\/\/promoeco.tuempresaon.com\/index.php?rest_route=\/wp\/v2\/pages"}],"about":[{"href":"https:\/\/promoeco.tuempresaon.com\/index.php?rest_route=\/wp\/v2\/types\/page"}],"author":[{"embeddable":true,"href":"https:\/\/promoeco.tuempresaon.com\/index.php?rest_route=\/wp\/v2\/users\/1"}],"replies":[{"embeddable":true,"href":"https:\/\/promoeco.tuempresaon.com\/index.php?rest_route=%2Fwp%2Fv2%2Fcomments&post=303"}],"version-history":[{"count":0,"href":"https:\/\/promoeco.tuempresaon.com\/index.php?rest_route=\/wp\/v2\/pages\/303\/revisions"}],"wp:attachment":[{"href":"https:\/\/promoeco.tuempresaon.com\/index.php?rest_route=%2Fwp%2Fv2%2Fmedia&parent=303"}],"curies":[{"name":"wp","href":"https:\/\/api.w.org\/{rel}","templated":true}]}}